{"id":35,"date":"2013-10-11T15:46:20","date_gmt":"2013-10-11T13:46:20","guid":{"rendered":"http:\/\/themeforest.unitedthemes.com\/wpversions\/brooklyn\/xml\/demo10\/?page_id=35"},"modified":"2022-05-25T22:15:53","modified_gmt":"2022-05-25T20:15:53","slug":"1-der-wasserstein","status":"publish","type":"page","link":"https:\/\/www.urneo.com\/","title":{"rendered":"1 Der Wasserstein"},"content":{"rendered":"<p>[vc_row][vc_column width=&#8220;1\/2&#8243;][vc_column_text]<\/p>\r\n<p>&nbsp;<\/p>\r\n<p><img loading=\"lazy\" width=\"999\" height=\"1000\" class=\"wp-image-6978\" src=\"https:\/\/i0.wp.com\/www.urneo.com\/growme\/wp-content\/uploads\/2019\/03\/tittelbild-4.jpg?resize=999%2C1000&#038;ssl=1\" alt=\"\" srcset=\"https:\/\/i0.wp.com\/www.urneo.com\/growme\/wp-content\/uploads\/2019\/03\/tittelbild-4.jpg?w=999&amp;ssl=1 999w, https:\/\/i0.wp.com\/www.urneo.com\/growme\/wp-content\/uploads\/2019\/03\/tittelbild-4.jpg?resize=300%2C300&amp;ssl=1 300w, https:\/\/i0.wp.com\/www.urneo.com\/growme\/wp-content\/uploads\/2019\/03\/tittelbild-4.jpg?resize=400%2C400&amp;ssl=1 400w, https:\/\/i0.wp.com\/www.urneo.com\/growme\/wp-content\/uploads\/2019\/03\/tittelbild-4.jpg?resize=768%2C769&amp;ssl=1 768w\" sizes=\"(max-width: 999px) 100vw, 999px\" data-recalc-dims=\"1\" \/><\/p>\r\n<p>[\/vc_column_text][\/vc_column][vc_column width=&#8220;1\/2&#8243;][vc_column_text]<\/p>\r\n<p>&nbsp;<\/p>\r\n<p>&nbsp;<\/p>\r\n<p><img loading=\"lazy\" class=\"aligncenter wp-image-6944 size-medium\" src=\"https:\/\/i0.wp.com\/www.urneo.com\/growme\/wp-content\/uploads\/2019\/03\/header_denkmal_ger.png?resize=400%2C165&#038;ssl=1\" alt=\"\" width=\"400\" height=\"165\" srcset=\"https:\/\/i0.wp.com\/www.urneo.com\/growme\/wp-content\/uploads\/2019\/03\/header_denkmal_ger.png?resize=400%2C165&amp;ssl=1 400w, https:\/\/i0.wp.com\/www.urneo.com\/growme\/wp-content\/uploads\/2019\/03\/header_denkmal_ger.png?w=562&amp;ssl=1 562w\" sizes=\"(max-width: 400px) 100vw, 400px\" data-recalc-dims=\"1\" \/><\/p>\r\n<p><span style=\"color: #000000;\"><strong>Neues Leben am Ort der letzen Ruhe: Mineralien aus Asche werden zur Grundlage f\u00fcr neues Wachstum.<\/strong><\/span><\/p>\r\n\r\n<p><span style=\"color: #000000;\">Der WASSERSTEIN wird in den Boden gesetzt und beim Gedenken mit Wasser gef\u00fcllt. Dieses Wasser reichert sich mit\u00a0<\/span><span style=\"color: #000000;\">Mineralstoffen aus der Asche an und wird vom Stein langsam an die Pflanzen in seiner Umgebung abgegeben. Der WASSERSTEIN<\/span><span style=\"color: #000000;\">\u00a0kann in der Natur- oder auf einem bestehenden Grab in den Boden gesetzt werden. Er b<\/span><span style=\"color: #000000;\">ildet eine \u00f6kologische und dauerhafte Gedenkst\u00e4tte: Die Asche in seinem Inneren l\u00f6st sich nie vollst\u00e4ndig auf.\u00a0<\/span><\/p>\r\n\r\n<p><strong><span style=\"color: #000000;\">Neues Wachstum l\u00e4sst Erinnerung erbl\u00fchen.\u00a0<\/span><\/strong><\/p>\r\n<p>&nbsp;<\/p>\r\n<p>[\/vc_column_text][\/vc_column][\/vc_row]<\/p>","protected":false},"excerpt":{"rendered":"<p>[vc_row][vc_column width=&#8220;1\/2&#8243;][vc_column_text] &nbsp; Der WASSERSTEIN wird in den Boden gesetzt und beim Gedenken mit Wasser gef\u00fcllt. Dieses Wasser reichert sich mit\u00a0Mineralstoffen aus der Asche an und wird vom Stein langsam an die Pflanzen in seiner Umgebung abgegeben. Der WASSERSTEIN\u00a0kann in der Natur- oder auf einem bestehenden Grab in den Boden gesetzt werden. Er bildet eine [&hellip;]<\/p>\n","protected":false},"author":1,"featured_media":0,"parent":0,"menu_order":1,"comment_status":"closed","ping_status":"closed","template":"","meta":{"spay_email":""},"_links":{"self":[{"href":"https:\/\/www.urneo.com\/index.php?rest_route=\/wp\/v2\/pages\/35"}],"collection":[{"href":"https:\/\/www.urneo.com\/index.php?rest_route=\/wp\/v2\/pages"}],"about":[{"href":"https:\/\/www.urneo.com\/index.php?rest_route=\/wp\/v2\/types\/page"}],"author":[{"embeddable":true,"href":"https:\/\/www.urneo.com\/index.php?rest_route=\/wp\/v2\/users\/1"}],"replies":[{"embeddable":true,"href":"https:\/\/www.urneo.com\/index.php?rest_route=%2Fwp%2Fv2%2Fcomments&post=35"}],"version-history":[{"count":412,"href":"https:\/\/www.urneo.com\/index.php?rest_route=\/wp\/v2\/pages\/35\/revisions"}],"predecessor-version":[{"id":7509,"href":"https:\/\/www.urneo.com\/index.php?rest_route=\/wp\/v2\/pages\/35\/revisions\/7509"}],"wp:attachment":[{"href":"https:\/\/www.urneo.com\/index.php?rest_route=%2Fwp%2Fv2%2Fmedia&parent=35"}],"curies":[{"name":"wp","href":"https:\/\/api.w.org\/{rel}","templated":true}]}}