{"id":4770,"date":"2015-04-02T21:14:40","date_gmt":"2015-04-02T19:14:40","guid":{"rendered":"http:\/\/www.lemur.cc\/urneo\/?page_id=4770"},"modified":"2022-05-28T11:52:13","modified_gmt":"2022-05-28T09:52:13","slug":"funktionsweise","status":"publish","type":"page","link":"https:\/\/www.urneo.com\/?page_id=4770","title":{"rendered":"2 Mineralstoffe aus Asche"},"content":{"rendered":"<div  class=\"ut-one-half  \"><img loading=\"lazy\" class=\"alignnone wp-image-7126 size-medium\" src=\"https:\/\/i0.wp.com\/www.urneo.com\/growme\/wp-content\/uploads\/2019\/03\/2er.jpg?resize=252%2C400&#038;ssl=1\" alt=\"\" width=\"252\" height=\"400\" srcset=\"https:\/\/i0.wp.com\/www.urneo.com\/growme\/wp-content\/uploads\/2019\/03\/2er.jpg?resize=252%2C400&amp;ssl=1 252w, https:\/\/i0.wp.com\/www.urneo.com\/growme\/wp-content\/uploads\/2019\/03\/2er.jpg?w=631&amp;ssl=1 631w\" sizes=\"(max-width: 252px) 100vw, 252px\" data-recalc-dims=\"1\" \/><\/div>\n<div  class=\"ut-one-half ut-column-last  \"><img loading=\"lazy\" class=\"alignnone wp-image-6723 size-medium\" src=\"https:\/\/i0.wp.com\/www.urneo.com\/growme\/wp-content\/uploads\/2019\/02\/title_funktion.jpg?resize=400%2C79&#038;ssl=1\" alt=\"\" width=\"400\" height=\"79\" srcset=\"https:\/\/i0.wp.com\/www.urneo.com\/growme\/wp-content\/uploads\/2019\/02\/title_funktion.jpg?resize=400%2C79&amp;ssl=1 400w, https:\/\/i0.wp.com\/www.urneo.com\/growme\/wp-content\/uploads\/2019\/02\/title_funktion.jpg?w=506&amp;ssl=1 506w\" sizes=\"(max-width: 400px) 100vw, 400px\" data-recalc-dims=\"1\" \/><\/p>\n<p><strong>Kremationsasche ist reich an wertvollen Mineralstoffen . Der WASSERSTEIN bringt diese \u00fcber ein patentiertes Verfahren zur\u00fcck in den Kreislauf des Lebens.\u00a0<\/strong><\/p>\n<p>Der WASSERSTEIN transportiert Mineralstoffe wie Calcium, Phosphor oder Kalium\u00a0langsam und schonend zu den Pflanzen in seiner Umgebung. Damit verhindert er eine \u00dcbers\u00e4uerung des Bodens, wie dies etwa bei biologisch abbaubaren Urnen der Fall sein kann.<\/p>\n<blockquote><p>Der WASSERSTEIN ist eine dauerhafte Gedenkst\u00e4tte im Einklang mit der Natur.<\/p><\/blockquote>\n<p>Der WASSERSTEIN kann beim Gedenken mit Wasser gef\u00fcllt werden. Im Stein, reichert sich dieses Wasser mit Mineralstoffen an und dringt \u00fcber Tage und Wochen durch die winzigen Poren des WASSERSTEINS nach drau\u00dfen &#8211; zu den Wurzeln der umgebenden Pflanzen. Die Asche bleibt dauerhaft erhalten &#8211; das Wasser l\u00f6st lediglich mikroskopisch kleine N\u00e4hrstoffe aus ihr.<\/p>\n<\/div><div class=\"clear\"><\/div>\n<div data-effect=\"fadeInUp\" data-animateonce=\"no\" class=\"ut-one-third  ut-animate-element animated\">\n<hr \/>\n<h4 style=\"text-align: center;\">\u00c4sthetische Gedenkplatte<\/h4>\n<p><img loading=\"lazy\" class=\"alignnone wp-image-7012 size-medium\" src=\"https:\/\/i0.wp.com\/www.urneo.com\/growme\/wp-content\/uploads\/2019\/03\/1_pet.jpg?resize=400%2C400&#038;ssl=1\" alt=\"Wasserstein M \/ Waterstone M\" width=\"400\" height=\"400\" srcset=\"https:\/\/i0.wp.com\/www.urneo.com\/growme\/wp-content\/uploads\/2019\/03\/1_pet.jpg?resize=400%2C400&amp;ssl=1 400w, https:\/\/i0.wp.com\/www.urneo.com\/growme\/wp-content\/uploads\/2019\/03\/1_pet.jpg?resize=300%2C300&amp;ssl=1 300w, https:\/\/i0.wp.com\/www.urneo.com\/growme\/wp-content\/uploads\/2019\/03\/1_pet.jpg?w=500&amp;ssl=1 500w\" sizes=\"(max-width: 400px) 100vw, 400px\" data-recalc-dims=\"1\" \/><\/p>\n<p>Der WASSERSTEIN kann im eigenen Garten vergraben- oder auf bestehende Erdgr\u00e4ber gesetzt werden. Sichtbar bleibt eine unaufdringliche, piet\u00e4tvolle Gedenkplatte aus rostfreiem Edelstahl. Diese ist bei den kleineren Wassersteinen rund und beim gr\u00f6\u00dften Wasserstein quadratisch. Die Platte kann nach eigenen W\u00fcnschen graviert &#8211; und ganz einfach selbst montiert werden.<\/p>\n<\/div><div data-effect=\"fadeInUp\" data-animateonce=\"no\" class=\"ut-one-third  ut-animate-element animated\">\n<hr \/>\n<h4 style=\"text-align: center;\">Dezent zu bew\u00e4ssern<\/h4>\n<p><img loading=\"lazy\" class=\"alignnone wp-image-7013 size-medium\" src=\"https:\/\/i0.wp.com\/www.urneo.com\/growme\/wp-content\/uploads\/2019\/03\/2_pet.jpg?resize=400%2C400&#038;ssl=1\" alt=\"Untere Schraube herausnehmbar \/ Bottom screw removable but secure\" width=\"400\" height=\"400\" srcset=\"https:\/\/i0.wp.com\/www.urneo.com\/growme\/wp-content\/uploads\/2019\/03\/2_pet.jpg?resize=400%2C400&amp;ssl=1 400w, https:\/\/i0.wp.com\/www.urneo.com\/growme\/wp-content\/uploads\/2019\/03\/2_pet.jpg?resize=300%2C300&amp;ssl=1 300w, https:\/\/i0.wp.com\/www.urneo.com\/growme\/wp-content\/uploads\/2019\/03\/2_pet.jpg?w=500&amp;ssl=1 500w\" sizes=\"(max-width: 400px) 100vw, 400px\" data-recalc-dims=\"1\" \/><\/p>\n<p>Die untere Schraube des Gedenksteins steckt in einem rostfreien Messing-Sieb und kann einfach mit den Fingern herausgezogen werden. \u00dcber diese unscheinbare \u00d6ffnung kann der Stein mit Wasser gef\u00fcllt werden. Die Schraube ist mit einem Edelstahlseil gesichert und wird einfach wieder in das Sieb eingesteckt. \u00a0Es ist kein Werkzeug n\u00f6tig. Alle Teile des WASSERSTEINs sind 100% rost- und Wartungsfrei.<\/p>\n<\/div><div data-effect=\"fadeInUp\" data-animateonce=\"no\" class=\"ut-one-third ut-column-last  ut-animate-element animated\">\n<hr \/>\n<h4 style=\"text-align: center;\">Wasserspeicher f\u00fcr Pflanzen<\/h4>\n<p><img loading=\"lazy\" class=\"alignnone wp-image-7014 size-medium\" src=\"https:\/\/i0.wp.com\/www.urneo.com\/growme\/wp-content\/uploads\/2019\/03\/3_pet.jpg?resize=400%2C400&#038;ssl=1\" alt=\"Gr\u00f6\u00dfe\/Size: PET, Durchmesser Platte\/diameter plate: 10cm\" width=\"400\" height=\"400\" srcset=\"https:\/\/i0.wp.com\/www.urneo.com\/growme\/wp-content\/uploads\/2019\/03\/3_pet.jpg?resize=400%2C400&amp;ssl=1 400w, https:\/\/i0.wp.com\/www.urneo.com\/growme\/wp-content\/uploads\/2019\/03\/3_pet.jpg?resize=300%2C300&amp;ssl=1 300w, https:\/\/i0.wp.com\/www.urneo.com\/growme\/wp-content\/uploads\/2019\/03\/3_pet.jpg?w=500&amp;ssl=1 500w\" sizes=\"(max-width: 400px) 100vw, 400px\" data-recalc-dims=\"1\" \/><\/p>\n<p>Der gef\u00fcllte WASSERSTEIN kann die Pflanzen in seiner Umgebung bis zu einer Woche lang mit Feuchtigkeit versorgen. Er kann auch ohne Asche als nat\u00fcrliches Bew\u00e4sserungssystem, zum Beispiel eines frisch gepflanzten Baumes, verwendet &#8211; und zu einem sp\u00e4teren Zeitpunkt gef\u00fcllt werden.<\/p>\n<\/div><div class=\"clear\"><\/div>\n","protected":false},"excerpt":{"rendered":"Kremationsasche ist reich an wertvollen Mineralstoffen . Der WASSERSTEIN bringt diese \u00fcber ein patentiertes Verfahren zur\u00fcck in den Kreislauf des Lebens.\u00a0 Der WASSERSTEIN transportiert Mineralstoffe wie Calcium, Phosphor oder Kalium\u00a0langsam und schonend zu den Pflanzen in seiner Umgebung. Damit verhindert er eine \u00dcbers\u00e4uerung des Bodens, wie dies etwa bei biologisch abbaubaren Urnen der Fall sein [...]","protected":false},"author":1,"featured_media":0,"parent":35,"menu_order":2,"comment_status":"closed","ping_status":"closed","template":"","meta":{"spay_email":""},"_links":{"self":[{"href":"https:\/\/www.urneo.com\/index.php?rest_route=\/wp\/v2\/pages\/4770"}],"collection":[{"href":"https:\/\/www.urneo.com\/index.php?rest_route=\/wp\/v2\/pages"}],"about":[{"href":"https:\/\/www.urneo.com\/index.php?rest_route=\/wp\/v2\/types\/page"}],"author":[{"embeddable":true,"href":"https:\/\/www.urneo.com\/index.php?rest_route=\/wp\/v2\/users\/1"}],"replies":[{"embeddable":true,"href":"https:\/\/www.urneo.com\/index.php?rest_route=%2Fwp%2Fv2%2Fcomments&post=4770"}],"version-history":[{"count":298,"href":"https:\/\/www.urneo.com\/index.php?rest_route=\/wp\/v2\/pages\/4770\/revisions"}],"predecessor-version":[{"id":7681,"href":"https:\/\/www.urneo.com\/index.php?rest_route=\/wp\/v2\/pages\/4770\/revisions\/7681"}],"up":[{"embeddable":true,"href":"https:\/\/www.urneo.com\/index.php?rest_route=\/wp\/v2\/pages\/35"}],"wp:attachment":[{"href":"https:\/\/www.urneo.com\/index.php?rest_route=%2Fwp%2Fv2%2Fmedia&parent=4770"}],"curies":[{"name":"wp","href":"https:\/\/api.w.org\/{rel}","templated":true}]}}